{"id":353,"date":"2015-07-24T09:38:37","date_gmt":"2015-07-24T09:38:37","guid":{"rendered":"https:\/\/www.cristinafonollosa.com\/?page_id=353"},"modified":"2025-08-12T10:10:25","modified_gmt":"2025-08-12T10:10:25","slug":"exposicions","status":"publish","type":"page","link":"https:\/\/www.cristinafonollosa.com\/en\/exposicions\/","title":{"rendered":"Exhibits"},"content":{"rendered":"<p><br \/>\n<strong>Works in museums and collections<\/strong><\/p>\n<p>Cristina Fonollosa&#8217;s work is in the collections of the International Museum of Na\u00efve Art in Ja\u00e9n (Spain); the Na\u00eff Art Museum &#8220;Max Fourny&#8221; in Paris; the International Museum of Na\u00efve Art in Luzzara (Italy); the Museum of Na\u00efve Art in Bages (France); the Na\u00eff Art Museum of Guimaraes (Portugal); the private collection of Albert and Ana Laporte and their Naif Art Museum M.A.N (B\u00e9raut, France); Gerald Mouial&#8217;s private collection of naive paintings, in the Caribbean island of Saint-Martin and in France; and in the D\u00edago Gallery in Havana, Cuba.<\/p>\n<figure id=\"attachment_546\" aria-describedby=\"caption-attachment-546\" style=\"width: 300px\" class=\"wp-caption aligncenter\"><img loading=\"lazy\" decoding=\"async\" class=\"wp-image-546\" src=\"https:\/\/www.cristinafonollosa.com\/wp-content\/uploads\/2020\/04\/expo-fonollosa-individual.jpg\" alt=\"expo-fonollosa-individual\" width=\"300\" height=\"244\" \/><figcaption id=\"caption-attachment-546\" class=\"wp-caption-text\">Individual exhibitions<\/figcaption><\/figure>\n<p><strong>1980-1990<\/strong><br \/>\nHer first exhibition in Populart (Barcelona) gives way to other exhibitions in Catalan galleries and in the rest of Spain. The exhibitions in Cap-i-Cua (Canet de Mar), Latina (Palma de Mallorca), La Amistat (Cadaqu\u00e9s), Sala Vayreda (Olot), Galeria Carles Vall\u00e8s (Figueres), Palau de Caramany (Girona), C\u00edrculo Catalan (Madrid) and the Rogl\u00e1n Gallery (Barcelona).<\/p>\n<p><strong><br \/>\n1991-2000<\/strong><br \/>\nCristina continues to exhibit at Iberian centers: Galeria Casas (Barcelona), Els Quatre Gats (Barcelona), Dacal (Madrid), La Madriguera (Madrid), Museu de la Marina (Vilassar de Mar), Magerit (Madrid), Museo Internacional de Arte de Ja\u00e9n, Ateneo de Almer\u00eda, Museu Naif del Far d&#8217;Empord\u00e0 (Figueres, Spain), and participates in solo exhibitions in Cuba and the US: Galer\u00eda San Jos\u00e9 (Holgu\u00edn, Cuba) and Montserrat Gallery (NY).<\/p>\n<p><strong><br \/>\n2001-2010<\/strong><br \/>\nThe Catalan artist settles in Cuba, and expands her international activity: Espai Capgr\u00f3s (Matar\u00f3, Spain), Laura M\u00e1rquez (Madrid), El Cau de la Carreta (Sitges, Spain), De Arte (Santander, Spain), Museo de Arte Naif de B\u00e9raut (France), Gran Teatro de La Habana, Cienfuegos Art Center, Holgu\u00edn Press House, Alejandro de Humboldt Gallery (Havana), Gallerie Amahoro (Saint-Martin, French Caribbean), and Darby Louise Gallery (Chicago).<\/p>\n<p><strong><br \/>\n2010-nowadays<\/strong><br \/>\nCristina Fonollosa maintains her activity from Holgu\u00edn, and exhibits individually at the Naif Art Museum in B\u00e9raut (France); at the Galeria Barcelona (Barcelona); at the Malaga Museum (Spain); at the Ses Cucons Gallery (Ibiza, Spain); and at the Eddy Su\u00f1ol Theater (Holgu\u00edn). In 2021 the Canet de Mar City Council managed a\u00a0<a href=\"https:\/\/www.cristinafonollosa.com\/wp-content\/uploads\/2021\/07\/Cristina-presenta-la-exposicion-en-Canet.mp4\">retrospective<\/a>.<\/p>\n<figure id=\"attachment_545\" aria-describedby=\"caption-attachment-545\" style=\"width: 300px\" class=\"wp-caption aligncenter\"><img loading=\"lazy\" decoding=\"async\" class=\"wp-image-545\" src=\"https:\/\/www.cristinafonollosa.com\/wp-content\/uploads\/2020\/04\/expo-fonollosa-colectiva.jpg\" alt=\"expo-fonollosa-colectiva\" width=\"300\" height=\"244\" \/><figcaption id=\"caption-attachment-545\" class=\"wp-caption-text\">Collective exhibitions<\/figcaption><\/figure>\n<p>Since 1981 Cristina Fonollosa has participated in artistic contests of all kinds:<\/p>\n<p>Taller Fort (Cadaqu\u00e9s, Spain, 1985)<br \/>\nHomage to Salvador Espriu (FAD Barcelona, 1986)<br \/>\nAt\u00e9lier Ives Le Guellec (Auch, France, 1988)<br \/>\nElizalde House (Barcelona, 1988)<br \/>\nDonart (Barcelona, 1988)<br \/>\nNaif Spanish Art (Mah\u00f3n, Spain, 1989)<br \/>\nSeatle-Barcelona (Seatle, USA, 1990)<br \/>\nNa\u00eff Spagnola Painting (Luzzara Museum, Italy, 1991)<br \/>\nGallerie Kasper (Morges, Switzerland, 1991)<br \/>\nHomage to Vallejo-N\u00e1jera (Madrid, 1991)<br \/>\nUNICEF Greetings (Mus\u00e9e Georges Pompidou, Paris, 1992)<br \/>\nAthenaeum of Seville (1992)<br \/>\nCasino de Estoril (Portugal, 1992)<br \/>\nRoyal Academy of Arts Summer Exhibition (London, 1994)<br \/>\nUrban art, rural art (Women of Horta, Barcelona, 1996)<br \/>\nStreet fair (Holgu\u00edn, 1997)<br \/>\nPere Mitjans Foundation (Barcelona, 1997)<br \/>\nNational Engraving Event (Havana, 2001)<br \/>\nCollective of Cuban Naive Painters (Philadelphia, USA, 2002)<br \/>\nNational Salon of Cuban Naive Art (Holgu\u00edn, 2003)<br \/>\nDrawing Fair (Galeria Rogl\u00e1n, Barcelona, 2005)<br \/>\nHomage to Picasso (Sant Pol Gallery, Barcelona, 2006)<br \/>\nRegino Boti Territorial Hall (Guant\u00e1namo, Cuba, 2006)<br \/>\nNaif National Art Salon (Alba Cultural House, Havana, 2010)<br \/>\nInternational Festival of Primitive Painting (Katowice, Poland, 2011)<br \/>\nSample of \u201cPapelotes\u201d, traditional kites, (UNEAC, Holgu\u00edn, 2012)<br \/>\n15 Catalan women (Sant Cugat del Vall\u00e8s, Barcelona, 2012)<br \/>\nSes Cucons Gallery (Ibiza, 2017)<br \/>\nNaif Painting Museum of Sao Paulo (Brazil, 2019)<br \/>\n<a href=\"https:\/\/www.cristinafonollosa.com\/wp-content\/uploads\/2021\/07\/Cristina-presenta-la-exposicion-en-Canet.mp4\">Retrospective Cristina Fonollosa<\/a> (Canet de Mar, Barcelona, 2021)<\/p>\n<p><\/p>","protected":false},"excerpt":{"rendered":"<p>Works in museums and collections Cristina Fonollosa&#8217;s work is in the collections of the International Museum of Na\u00efve Art in Ja\u00e9n (Spain); the Na\u00eff Art Museum &#8220;Max Fourny&#8221; in Paris; the International Museum of Na\u00efve Art in Luzzara (Italy); the Museum of Na\u00efve Art in Bages (France); the Na\u00eff Art Museum of Guimaraes (Portugal); the &hellip; <a href=\"https:\/\/www.cristinafonollosa.com\/en\/exposicions\/\" class=\"more-link\">Continue reading <span class=\"screen-reader-text\">Exhibits<\/span><\/a><\/p>\n","protected":false},"author":1,"featured_media":0,"parent":0,"menu_order":0,"comment_status":"closed","ping_status":"closed","template":"","meta":{"footnotes":""},"class_list":["post-353","page","type-page","status-publish","hentry"],"yoast_head":"<!-- This site is optimized with the Yoast SEO plugin v27.3 - https:\/\/yoast.com\/product\/yoast-seo-wordpress\/ -->\n<title>Exhibits - Cristina Fonollosa<\/title>\n<meta name=\"robots\" content=\"index, follow, max-snippet:-1, max-image-preview:large, max-video-preview:-1\" \/>\n<link rel=\"canonical\" href=\"https:\/\/www.cristinafonollosa.com\/exposicions\/\" \/>\n<meta property=\"og:locale\" content=\"en_US\" \/>\n<meta property=\"og:type\" content=\"article\" \/>\n<meta property=\"og:title\" content=\"[:ca]Exposicions[:es]Exposiciones[:][:en]Exhibits[:] - Cristina Fonollosa\" \/>\n<meta property=\"og:description\" content=\"Works in museums and collections Cristina Fonollosa&#8217;s work is in the collections of the International Museum of Na\u00efve Art in Ja\u00e9n (Spain); the Na\u00eff Art Museum &#8220;Max Fourny&#8221; in Paris; the International Museum of Na\u00efve Art in Luzzara (Italy); the Museum of Na\u00efve Art in Bages (France); the Na\u00eff Art Museum of Guimaraes (Portugal); the &hellip; Continue reading Exhibits\" \/>\n<meta property=\"og:url\" content=\"https:\/\/www.cristinafonollosa.com\/exposicions\/\" \/>\n<meta property=\"og:site_name\" content=\"Cristina Fonollosa\" \/>\n<meta property=\"article:modified_time\" content=\"2025-08-12T10:10:25+00:00\" \/>\n<meta property=\"og:image\" content=\"https:\/\/www.cristinafonollosa.com\/wp-content\/uploads\/2020\/04\/expo-fonollosa-individual.jpg\" \/>\n\t<meta property=\"og:image:width\" content=\"465\" \/>\n\t<meta property=\"og:image:height\" content=\"378\" \/>\n\t<meta property=\"og:image:type\" content=\"image\/jpeg\" \/>\n<meta name=\"twitter:card\" content=\"summary_large_image\" \/>\n<meta name=\"twitter:label1\" content=\"Est. reading time\" \/>\n\t<meta name=\"twitter:data1\" content=\"10 minutes\" \/>\n<script type=\"application\/ld+json\" class=\"yoast-schema-graph\">{\"@context\":\"https:\\\/\\\/schema.org\",\"@graph\":[{\"@type\":\"WebPage\",\"@id\":\"https:\\\/\\\/www.cristinafonollosa.com\\\/exposicions\\\/\",\"url\":\"https:\\\/\\\/www.cristinafonollosa.com\\\/exposicions\\\/\",\"name\":\"[:ca]Exposicions[:es]Exposiciones[:][:en]Exhibits[:] - Cristina Fonollosa\",\"isPartOf\":{\"@id\":\"https:\\\/\\\/www.cristinafonollosa.com\\\/#website\"},\"primaryImageOfPage\":{\"@id\":\"https:\\\/\\\/www.cristinafonollosa.com\\\/exposicions\\\/#primaryimage\"},\"image\":{\"@id\":\"https:\\\/\\\/www.cristinafonollosa.com\\\/exposicions\\\/#primaryimage\"},\"thumbnailUrl\":\"https:\\\/\\\/www.cristinafonollosa.com\\\/wp-content\\\/uploads\\\/2020\\\/04\\\/expo-fonollosa-individual.jpg\",\"datePublished\":\"2015-07-24T09:38:37+00:00\",\"dateModified\":\"2025-08-12T10:10:25+00:00\",\"breadcrumb\":{\"@id\":\"https:\\\/\\\/www.cristinafonollosa.com\\\/exposicions\\\/#breadcrumb\"},\"inLanguage\":\"en-US\",\"potentialAction\":[{\"@type\":\"ReadAction\",\"target\":[\"https:\\\/\\\/www.cristinafonollosa.com\\\/exposicions\\\/\"]}]},{\"@type\":\"ImageObject\",\"inLanguage\":\"en-US\",\"@id\":\"https:\\\/\\\/www.cristinafonollosa.com\\\/exposicions\\\/#primaryimage\",\"url\":\"https:\\\/\\\/www.cristinafonollosa.com\\\/wp-content\\\/uploads\\\/2020\\\/04\\\/expo-fonollosa-individual.jpg\",\"contentUrl\":\"https:\\\/\\\/www.cristinafonollosa.com\\\/wp-content\\\/uploads\\\/2020\\\/04\\\/expo-fonollosa-individual.jpg\"},{\"@type\":\"BreadcrumbList\",\"@id\":\"https:\\\/\\\/www.cristinafonollosa.com\\\/exposicions\\\/#breadcrumb\",\"itemListElement\":[{\"@type\":\"ListItem\",\"position\":1,\"name\":\"Inici\",\"item\":\"https:\\\/\\\/www.cristinafonollosa.com\\\/\"},{\"@type\":\"ListItem\",\"position\":2,\"name\":\"[:ca]Exposicions[:es]Exposiciones[:][:en]Exhibits[:]\"}]},{\"@type\":\"WebSite\",\"@id\":\"https:\\\/\\\/www.cristinafonollosa.com\\\/#website\",\"url\":\"https:\\\/\\\/www.cristinafonollosa.com\\\/\",\"name\":\"Cristina Fonollosa\",\"description\":\"\",\"potentialAction\":[{\"@type\":\"SearchAction\",\"target\":{\"@type\":\"EntryPoint\",\"urlTemplate\":\"https:\\\/\\\/www.cristinafonollosa.com\\\/?s={search_term_string}\"},\"query-input\":{\"@type\":\"PropertyValueSpecification\",\"valueRequired\":true,\"valueName\":\"search_term_string\"}}],\"inLanguage\":\"en-US\"}]}<\/script>\n<!-- \/ Yoast SEO plugin. -->","yoast_head_json":{"title":"[:ca]Exposicions[:es]Exposiciones[:][:en]Exhibits[:] - Cristina Fonollosa","robots":{"index":"index","follow":"follow","max-snippet":"max-snippet:-1","max-image-preview":"max-image-preview:large","max-video-preview":"max-video-preview:-1"},"canonical":"https:\/\/www.cristinafonollosa.com\/exposicions\/","og_locale":"en_US","og_type":"article","og_title":"[:ca]Exposicions[:es]Exposiciones[:][:en]Exhibits[:] - Cristina Fonollosa","og_description":"Works in museums and collections Cristina Fonollosa&#8217;s work is in the collections of the International Museum of Na\u00efve Art in Ja\u00e9n (Spain); the Na\u00eff Art Museum &#8220;Max Fourny&#8221; in Paris; the International Museum of Na\u00efve Art in Luzzara (Italy); the Museum of Na\u00efve Art in Bages (France); the Na\u00eff Art Museum of Guimaraes (Portugal); the &hellip; Continue reading Exhibits","og_url":"https:\/\/www.cristinafonollosa.com\/exposicions\/","og_site_name":"Cristina Fonollosa","article_modified_time":"2025-08-12T10:10:25+00:00","og_image":[{"width":465,"height":378,"url":"https:\/\/www.cristinafonollosa.com\/wp-content\/uploads\/2020\/04\/expo-fonollosa-individual.jpg","type":"image\/jpeg"}],"twitter_card":"summary_large_image","twitter_misc":{"Est. reading time":"10 minutes"},"schema":{"@context":"https:\/\/schema.org","@graph":[{"@type":"WebPage","@id":"https:\/\/www.cristinafonollosa.com\/exposicions\/","url":"https:\/\/www.cristinafonollosa.com\/exposicions\/","name":"[:ca]Exposicions[:es]Exposiciones[:][:en]Exhibits[:] - Cristina Fonollosa","isPartOf":{"@id":"https:\/\/www.cristinafonollosa.com\/#website"},"primaryImageOfPage":{"@id":"https:\/\/www.cristinafonollosa.com\/exposicions\/#primaryimage"},"image":{"@id":"https:\/\/www.cristinafonollosa.com\/exposicions\/#primaryimage"},"thumbnailUrl":"https:\/\/www.cristinafonollosa.com\/wp-content\/uploads\/2020\/04\/expo-fonollosa-individual.jpg","datePublished":"2015-07-24T09:38:37+00:00","dateModified":"2025-08-12T10:10:25+00:00","breadcrumb":{"@id":"https:\/\/www.cristinafonollosa.com\/exposicions\/#breadcrumb"},"inLanguage":"en-US","potentialAction":[{"@type":"ReadAction","target":["https:\/\/www.cristinafonollosa.com\/exposicions\/"]}]},{"@type":"ImageObject","inLanguage":"en-US","@id":"https:\/\/www.cristinafonollosa.com\/exposicions\/#primaryimage","url":"https:\/\/www.cristinafonollosa.com\/wp-content\/uploads\/2020\/04\/expo-fonollosa-individual.jpg","contentUrl":"https:\/\/www.cristinafonollosa.com\/wp-content\/uploads\/2020\/04\/expo-fonollosa-individual.jpg"},{"@type":"BreadcrumbList","@id":"https:\/\/www.cristinafonollosa.com\/exposicions\/#breadcrumb","itemListElement":[{"@type":"ListItem","position":1,"name":"Inici","item":"https:\/\/www.cristinafonollosa.com\/"},{"@type":"ListItem","position":2,"name":"[:ca]Exposicions[:es]Exposiciones[:][:en]Exhibits[:]"}]},{"@type":"WebSite","@id":"https:\/\/www.cristinafonollosa.com\/#website","url":"https:\/\/www.cristinafonollosa.com\/","name":"Cristina Fonollosa","description":"","potentialAction":[{"@type":"SearchAction","target":{"@type":"EntryPoint","urlTemplate":"https:\/\/www.cristinafonollosa.com\/?s={search_term_string}"},"query-input":{"@type":"PropertyValueSpecification","valueRequired":true,"valueName":"search_term_string"}}],"inLanguage":"en-US"}]}},"_links":{"self":[{"href":"https:\/\/www.cristinafonollosa.com\/en\/wp-json\/wp\/v2\/pages\/353","targetHints":{"allow":["GET"]}}],"collection":[{"href":"https:\/\/www.cristinafonollosa.com\/en\/wp-json\/wp\/v2\/pages"}],"about":[{"href":"https:\/\/www.cristinafonollosa.com\/en\/wp-json\/wp\/v2\/types\/page"}],"author":[{"embeddable":true,"href":"https:\/\/www.cristinafonollosa.com\/en\/wp-json\/wp\/v2\/users\/1"}],"replies":[{"embeddable":true,"href":"https:\/\/www.cristinafonollosa.com\/en\/wp-json\/wp\/v2\/comments?post=353"}],"version-history":[{"count":29,"href":"https:\/\/www.cristinafonollosa.com\/en\/wp-json\/wp\/v2\/pages\/353\/revisions"}],"predecessor-version":[{"id":806,"href":"https:\/\/www.cristinafonollosa.com\/en\/wp-json\/wp\/v2\/pages\/353\/revisions\/806"}],"wp:attachment":[{"href":"https:\/\/www.cristinafonollosa.com\/en\/wp-json\/wp\/v2\/media?parent=353"}],"curies":[{"name":"wp","href":"https:\/\/api.w.org\/{rel}","templated":true}]}}